{"id":3826,"date":"2018-01-06T18:14:53","date_gmt":"2018-01-06T17:14:53","guid":{"rendered":"http:\/\/www.dronninglundcup.dk\/om-dronninglund-by\/"},"modified":"2026-01-23T20:35:30","modified_gmt":"2026-01-23T19:35:30","slug":"ciudad-de-dronninglund","status":"publish","type":"page","link":"https:\/\/www.dronninglundcup.com\/es\/miscelanea\/ciudad-de-dronninglund\/","title":{"rendered":"Ciudad de Dronninglund"},"content":{"rendered":"\n<h2 class=\"wp-block-heading\">Ciudad de Dronninglund y alrededores<\/h2>\n\n\n\n<p class=\"subheadline\">\u2013&nbsp;Dronninglund se encuentra en una zona pintoresca.<\/p>\n\n\n\n<div class=\"wp-block-columns are-vertically-aligned-center bg-white is-layout-flex wp-container-core-columns-is-layout-28f84493 wp-block-columns-is-layout-flex\">\n<div class=\"wp-block-column is-layout-flow wp-block-column-is-layout-flow\">\n<figure class=\"wp-block-image\"><img loading=\"lazy\" decoding=\"async\" width=\"870\" height=\"487\" src=\"https:\/\/www.dronninglundcup.com\/wp-content\/uploads\/2018\/02\/dronninglund_slot.jpg\" alt=\"\" class=\"wp-image-1093\" srcset=\"https:\/\/www.dronninglundcup.com\/wp-content\/uploads\/2018\/02\/dronninglund_slot.jpg 870w, https:\/\/www.dronninglundcup.com\/wp-content\/uploads\/2018\/02\/dronninglund_slot-768x430.jpg 768w, https:\/\/www.dronninglundcup.com\/wp-content\/uploads\/2018\/02\/dronninglund_slot-600x336.jpg 600w\" sizes=\"auto, (max-width: 870px) 100vw, 870px\" \/><\/figure>\n\n\n\n<h2 class=\"wp-block-heading\">Ciudad de Dronninglund<\/h2>\n\n\n\n<p>Dronninglund se encuentra en la parte norte de Dinamarca, muy cerca de Aalborg, la cuarta ciudad m\u00e1s grande de Dinamarca. Dronninglund est\u00e1 cerca del Aeropuerto de Aaborg y tambi\u00e9n de la Estraci\u00f3n de Tren de Aalborg. Las ciudades de Frederikshavn y Hirtshals tambi\u00e9n est\u00e1n cerca.<\/p>\n\n\n\n<p>Si usted llega en autob\u00fas o en coche, Dronninglund est\u00e1 cerca de la autopista\/carretera E45, salida 16, y desde all\u00ed dobla a la derecha y &nbsp;maneja 7 km al este : Dronninglund.<\/p>\n\n\n\n<p>La ciudad en s\u00ed, se encuentra en una zona agr\u00edcola, al sur de Storskov \/ el Gran bosque de Dronninglund. &nbsp;Dronninglund Storskov, es el bosque m\u00e1s grande de Vendsyssel, (norte de Jutlandia) con su pic\u00f3 m\u00e1s alto de 128 metros, de nombre Kn\u00f8sen y a s\u00f3lo 8 kilometros de Kattegat (el mar).<\/p>\n\n\n\n<p>La ciudad tiene alrededor de 3500 habitantes y es un centro de actividades de Vendsyssel.La ciudad tiene escuela primaria, escuela secundaria, hospital y una gran cantidad de negocios y compa\u00f1ias de servicios.<\/p>\n\n\n\n<p>En la entrada de Dronninglund al este de la ciudad, se encuentra el s\u00edmbolo de la ciudad, el viejo Castillo de Dronninglund (Dronninglund Slot).<\/p>\n\n\n\n<p>Si quiere saber m\u00e1s de Dronninglund y sus alrededores, le recomendaremos este enlace \u00ab&nbsp;<a href=\"http:\/\/www.visitdronninglund.dk\/\" target=\"_blank\" rel=\"noreferrer noopener\">Visit Dronninglund<\/a>&nbsp;\u00bb.<\/p>\n\n\n\n<p>Hvis man vil vide mere om Dronninglund og n\u00e6rmeste omegn er her et godt link \u2013 \u201c<a href=\"http:\/\/www.visitdronninglund.dk\/\" target=\"_blank\" rel=\"noreferrer noopener\">Visit Dronninglund<\/a>\u201c.<\/p>\n<\/div>\n<\/div>\n\n\n\n<div class=\"wp-block-group  bg-grey is-layout-constrained wp-block-group-is-layout-constrained\">\n<h2 class=\"wp-block-heading\">Alrededores<\/h2>\n\n\n\n<div class=\"wp-block-columns are-vertically-aligned-center is-layout-flex wp-container-core-columns-is-layout-28f84493 wp-block-columns-is-layout-flex\">\n<div class=\"wp-block-column is-layout-flow wp-block-column-is-layout-flow\">\n<p>A 3 kilometros al sudoeste de Dronninglund se encuentra el peque\u00f1o pueblo de Try. Este pueblo tiene un museo (Try Museum), que tambi\u00e9n vale la pena visitar.<\/p>\n\n\n\n<p>Un poco m\u00e1s al norte en la punta de Dronninglund Storskov (el Gran bosque de Dronninglund) se encuentra el Molino de Dorf y el museo MOSS (Museum of Supply and Sustainability\/Museo del Abastecimiento y la Sostenibilidad).<\/p>\n\n\n\n<p>, que antes era una parte del Museo de Try. Hoy es un museo de caza y animales salvajes.<\/p>\n\n\n\n<p>En fin, hay un magn\u00edfico paisaje de bosque, playa, pastizales y S\u00f8mosen (lago de mos), cerca del Gran bosque de Dronninglund, que como turista uno debe visitar.<\/p>\n\n\n\n<p>Si se dirige m\u00e1s al extremo norte de Vendsyssel que es una destinaci\u00f3n muy visitada por los turistas, se puede llegar a Skagen. Skagen es una ciudad muy conocida por sus pintores famosos y los dos mares que se unen en Skagen Gren( al final de la pen\u00ednsula).<\/p>\n\n\n\n<p>Al sur, se encuentra la cuarta ciudad m\u00e1s grande de Dinamarca, Aalborg. Aalborg tiene todo tipo de negocios, parque de diversiones, zool\u00f3gico y museo de arte. Al norteste se encuentra Faarup Sommerland \u2013 un parque de diversiones de agua \u2013 el m\u00e1s grande de Escandinavia.<\/p>\n<\/div>\n\n\n\n<div class=\"wp-block-column is-layout-flow wp-block-column-is-layout-flow\">\n<figure class=\"wp-block-image aligncenter\"><img loading=\"lazy\" decoding=\"async\" width=\"1024\" height=\"576\" src=\"https:\/\/www.dronninglundcup.com\/wp-content\/uploads\/2018\/02\/dorf_m\u00f8lle.jpg\" alt=\"\" class=\"wp-image-1099\" srcset=\"https:\/\/www.dronninglundcup.com\/wp-content\/uploads\/2018\/02\/dorf_m\u00f8lle.jpg 1024w, https:\/\/www.dronninglundcup.com\/wp-content\/uploads\/2018\/02\/dorf_m\u00f8lle-768x432.jpg 768w, https:\/\/www.dronninglundcup.com\/wp-content\/uploads\/2018\/02\/dorf_m\u00f8lle-600x338.jpg 600w\" sizes=\"auto, (max-width: 1024px) 100vw, 1024px\" \/><\/figure>\n<\/div>\n<\/div>\n<\/div>\n","protected":false},"excerpt":{"rendered":"<p>Ciudad de Dronninglund y alrededores \u2013&nbsp;Dronninglund se encuentra en una zona pintoresca. Ciudad de Dronninglund Dronninglund se encuentra en la parte norte de Dinamarca, muy cerca de Aalborg, la cuarta ciudad m\u00e1s grande de Dinamarca. Dronninglund est\u00e1 cerca del Aeropuerto de Aaborg y tambi\u00e9n de la Estraci\u00f3n de Tren de Aalborg. Las ciudades de Frederikshavn [&hellip;]<\/p>\n","protected":false},"author":1,"featured_media":0,"parent":3865,"menu_order":6,"comment_status":"closed","ping_status":"closed","template":"","meta":{"_acf_changed":false,"footnotes":""},"class_list":["post-3826","page","type-page","status-publish","hentry"],"acf":[],"yoast_head":"<!-- This site is optimized with the Yoast SEO plugin v27.0 - https:\/\/yoast.com\/product\/yoast-seo-wordpress\/ -->\n<title>Ciudad de Dronninglund - Dronninglund Cup<\/title>\n<meta name=\"robots\" content=\"index, follow, max-snippet:-1, max-image-preview:large, max-video-preview:-1\" \/>\n<link rel=\"canonical\" href=\"https:\/\/www.dronninglundcup.com\/es\/miscelanea\/ciudad-de-dronninglund\/\" \/>\n<meta property=\"og:locale\" content=\"es_ES\" \/>\n<meta property=\"og:type\" content=\"article\" \/>\n<meta property=\"og:title\" content=\"Ciudad de Dronninglund - Dronninglund Cup\" \/>\n<meta property=\"og:description\" content=\"Ciudad de Dronninglund y alrededores \u2013&nbsp;Dronninglund se encuentra en una zona pintoresca. Ciudad de Dronninglund Dronninglund se encuentra en la parte norte de Dinamarca, muy cerca de Aalborg, la cuarta ciudad m\u00e1s grande de Dinamarca. Dronninglund est\u00e1 cerca del Aeropuerto de Aaborg y tambi\u00e9n de la Estraci\u00f3n de Tren de Aalborg. Las ciudades de Frederikshavn [&hellip;]\" \/>\n<meta property=\"og:url\" content=\"https:\/\/www.dronninglundcup.com\/es\/miscelanea\/ciudad-de-dronninglund\/\" \/>\n<meta property=\"og:site_name\" content=\"Dronninglund Cup\" \/>\n<meta property=\"article:modified_time\" content=\"2026-01-23T19:35:30+00:00\" \/>\n<meta property=\"og:image\" content=\"https:\/\/www.dronninglundcup.com\/wp-content\/uploads\/2018\/02\/dronninglund_slot.jpg\" \/>\n\t<meta property=\"og:image:width\" content=\"870\" \/>\n\t<meta property=\"og:image:height\" content=\"487\" \/>\n\t<meta property=\"og:image:type\" content=\"image\/jpeg\" \/>\n<meta name=\"twitter:card\" content=\"summary_large_image\" \/>\n<meta name=\"twitter:label1\" content=\"Tiempo de lectura\" \/>\n\t<meta name=\"twitter:data1\" content=\"3 minutos\" \/>\n<script type=\"application\/ld+json\" class=\"yoast-schema-graph\">{\"@context\":\"https:\/\/schema.org\",\"@graph\":[{\"@type\":\"WebPage\",\"@id\":\"https:\/\/www.dronninglundcup.com\/es\/miscelanea\/ciudad-de-dronninglund\/\",\"url\":\"https:\/\/www.dronninglundcup.com\/es\/miscelanea\/ciudad-de-dronninglund\/\",\"name\":\"Ciudad de Dronninglund - Dronninglund Cup\",\"isPartOf\":{\"@id\":\"https:\/\/www.dronninglundcup.com\/es\/#website\"},\"primaryImageOfPage\":{\"@id\":\"https:\/\/www.dronninglundcup.com\/es\/miscelanea\/ciudad-de-dronninglund\/#primaryimage\"},\"image\":{\"@id\":\"https:\/\/www.dronninglundcup.com\/es\/miscelanea\/ciudad-de-dronninglund\/#primaryimage\"},\"thumbnailUrl\":\"https:\/\/www.dronninglundcup.com\/wp-content\/uploads\/2018\/02\/dronninglund_slot.jpg\",\"datePublished\":\"2018-01-06T17:14:53+00:00\",\"dateModified\":\"2026-01-23T19:35:30+00:00\",\"breadcrumb\":{\"@id\":\"https:\/\/www.dronninglundcup.com\/es\/miscelanea\/ciudad-de-dronninglund\/#breadcrumb\"},\"inLanguage\":\"es\",\"potentialAction\":[{\"@type\":\"ReadAction\",\"target\":[\"https:\/\/www.dronninglundcup.com\/es\/miscelanea\/ciudad-de-dronninglund\/\"]}]},{\"@type\":\"ImageObject\",\"inLanguage\":\"es\",\"@id\":\"https:\/\/www.dronninglundcup.com\/es\/miscelanea\/ciudad-de-dronninglund\/#primaryimage\",\"url\":\"https:\/\/www.dronninglundcup.com\/wp-content\/uploads\/2018\/02\/dronninglund_slot.jpg\",\"contentUrl\":\"https:\/\/www.dronninglundcup.com\/wp-content\/uploads\/2018\/02\/dronninglund_slot.jpg\"},{\"@type\":\"BreadcrumbList\",\"@id\":\"https:\/\/www.dronninglundcup.com\/es\/miscelanea\/ciudad-de-dronninglund\/#breadcrumb\",\"itemListElement\":[{\"@type\":\"ListItem\",\"position\":1,\"name\":\"Home\",\"item\":\"https:\/\/www.dronninglundcup.com\/es\/\"},{\"@type\":\"ListItem\",\"position\":2,\"name\":\"Miscel\u00e1nea\",\"item\":\"https:\/\/www.dronninglundcup.com\/es\/miscelanea\/\"},{\"@type\":\"ListItem\",\"position\":3,\"name\":\"Ciudad de Dronninglund\"}]},{\"@type\":\"WebSite\",\"@id\":\"https:\/\/www.dronninglundcup.com\/es\/#website\",\"url\":\"https:\/\/www.dronninglundcup.com\/es\/\",\"name\":\"Dronninglund Cup\",\"description\":\"\",\"publisher\":{\"@id\":\"https:\/\/www.dronninglundcup.com\/es\/#organization\"},\"potentialAction\":[{\"@type\":\"SearchAction\",\"target\":{\"@type\":\"EntryPoint\",\"urlTemplate\":\"https:\/\/www.dronninglundcup.com\/es\/?s={search_term_string}\"},\"query-input\":{\"@type\":\"PropertyValueSpecification\",\"valueRequired\":true,\"valueName\":\"search_term_string\"}}],\"inLanguage\":\"es\"},{\"@type\":\"Organization\",\"@id\":\"https:\/\/www.dronninglundcup.com\/es\/#organization\",\"name\":\"Dronninglund Cup\",\"url\":\"https:\/\/www.dronninglundcup.com\/es\/\",\"logo\":{\"@type\":\"ImageObject\",\"inLanguage\":\"es\",\"@id\":\"https:\/\/www.dronninglundcup.com\/es\/#\/schema\/logo\/image\/\",\"url\":\"https:\/\/www.dronninglundcup.com\/wp-content\/uploads\/2018\/01\/Cup-white-red-155.png\",\"contentUrl\":\"https:\/\/www.dronninglundcup.com\/wp-content\/uploads\/2018\/01\/Cup-white-red-155.png\",\"width\":155,\"height\":170,\"caption\":\"Dronninglund Cup\"},\"image\":{\"@id\":\"https:\/\/www.dronninglundcup.com\/es\/#\/schema\/logo\/image\/\"}}]}<\/script>\n<!-- \/ Yoast SEO plugin. -->","yoast_head_json":{"title":"Ciudad de Dronninglund - Dronninglund Cup","robots":{"index":"index","follow":"follow","max-snippet":"max-snippet:-1","max-image-preview":"max-image-preview:large","max-video-preview":"max-video-preview:-1"},"canonical":"https:\/\/www.dronninglundcup.com\/es\/miscelanea\/ciudad-de-dronninglund\/","og_locale":"es_ES","og_type":"article","og_title":"Ciudad de Dronninglund - Dronninglund Cup","og_description":"Ciudad de Dronninglund y alrededores \u2013&nbsp;Dronninglund se encuentra en una zona pintoresca. Ciudad de Dronninglund Dronninglund se encuentra en la parte norte de Dinamarca, muy cerca de Aalborg, la cuarta ciudad m\u00e1s grande de Dinamarca. Dronninglund est\u00e1 cerca del Aeropuerto de Aaborg y tambi\u00e9n de la Estraci\u00f3n de Tren de Aalborg. Las ciudades de Frederikshavn [&hellip;]","og_url":"https:\/\/www.dronninglundcup.com\/es\/miscelanea\/ciudad-de-dronninglund\/","og_site_name":"Dronninglund Cup","article_modified_time":"2026-01-23T19:35:30+00:00","og_image":[{"width":870,"height":487,"url":"https:\/\/www.dronninglundcup.com\/wp-content\/uploads\/2018\/02\/dronninglund_slot.jpg","type":"image\/jpeg"}],"twitter_card":"summary_large_image","twitter_misc":{"Tiempo de lectura":"3 minutos"},"schema":{"@context":"https:\/\/schema.org","@graph":[{"@type":"WebPage","@id":"https:\/\/www.dronninglundcup.com\/es\/miscelanea\/ciudad-de-dronninglund\/","url":"https:\/\/www.dronninglundcup.com\/es\/miscelanea\/ciudad-de-dronninglund\/","name":"Ciudad de Dronninglund - Dronninglund Cup","isPartOf":{"@id":"https:\/\/www.dronninglundcup.com\/es\/#website"},"primaryImageOfPage":{"@id":"https:\/\/www.dronninglundcup.com\/es\/miscelanea\/ciudad-de-dronninglund\/#primaryimage"},"image":{"@id":"https:\/\/www.dronninglundcup.com\/es\/miscelanea\/ciudad-de-dronninglund\/#primaryimage"},"thumbnailUrl":"https:\/\/www.dronninglundcup.com\/wp-content\/uploads\/2018\/02\/dronninglund_slot.jpg","datePublished":"2018-01-06T17:14:53+00:00","dateModified":"2026-01-23T19:35:30+00:00","breadcrumb":{"@id":"https:\/\/www.dronninglundcup.com\/es\/miscelanea\/ciudad-de-dronninglund\/#breadcrumb"},"inLanguage":"es","potentialAction":[{"@type":"ReadAction","target":["https:\/\/www.dronninglundcup.com\/es\/miscelanea\/ciudad-de-dronninglund\/"]}]},{"@type":"ImageObject","inLanguage":"es","@id":"https:\/\/www.dronninglundcup.com\/es\/miscelanea\/ciudad-de-dronninglund\/#primaryimage","url":"https:\/\/www.dronninglundcup.com\/wp-content\/uploads\/2018\/02\/dronninglund_slot.jpg","contentUrl":"https:\/\/www.dronninglundcup.com\/wp-content\/uploads\/2018\/02\/dronninglund_slot.jpg"},{"@type":"BreadcrumbList","@id":"https:\/\/www.dronninglundcup.com\/es\/miscelanea\/ciudad-de-dronninglund\/#breadcrumb","itemListElement":[{"@type":"ListItem","position":1,"name":"Home","item":"https:\/\/www.dronninglundcup.com\/es\/"},{"@type":"ListItem","position":2,"name":"Miscel\u00e1nea","item":"https:\/\/www.dronninglundcup.com\/es\/miscelanea\/"},{"@type":"ListItem","position":3,"name":"Ciudad de Dronninglund"}]},{"@type":"WebSite","@id":"https:\/\/www.dronninglundcup.com\/es\/#website","url":"https:\/\/www.dronninglundcup.com\/es\/","name":"Dronninglund Cup","description":"","publisher":{"@id":"https:\/\/www.dronninglundcup.com\/es\/#organization"},"potentialAction":[{"@type":"SearchAction","target":{"@type":"EntryPoint","urlTemplate":"https:\/\/www.dronninglundcup.com\/es\/?s={search_term_string}"},"query-input":{"@type":"PropertyValueSpecification","valueRequired":true,"valueName":"search_term_string"}}],"inLanguage":"es"},{"@type":"Organization","@id":"https:\/\/www.dronninglundcup.com\/es\/#organization","name":"Dronninglund Cup","url":"https:\/\/www.dronninglundcup.com\/es\/","logo":{"@type":"ImageObject","inLanguage":"es","@id":"https:\/\/www.dronninglundcup.com\/es\/#\/schema\/logo\/image\/","url":"https:\/\/www.dronninglundcup.com\/wp-content\/uploads\/2018\/01\/Cup-white-red-155.png","contentUrl":"https:\/\/www.dronninglundcup.com\/wp-content\/uploads\/2018\/01\/Cup-white-red-155.png","width":155,"height":170,"caption":"Dronninglund Cup"},"image":{"@id":"https:\/\/www.dronninglundcup.com\/es\/#\/schema\/logo\/image\/"}}]}},"_links":{"self":[{"href":"https:\/\/www.dronninglundcup.com\/es\/wp-json\/wp\/v2\/pages\/3826","targetHints":{"allow":["GET"]}}],"collection":[{"href":"https:\/\/www.dronninglundcup.com\/es\/wp-json\/wp\/v2\/pages"}],"about":[{"href":"https:\/\/www.dronninglundcup.com\/es\/wp-json\/wp\/v2\/types\/page"}],"author":[{"embeddable":true,"href":"https:\/\/www.dronninglundcup.com\/es\/wp-json\/wp\/v2\/users\/1"}],"replies":[{"embeddable":true,"href":"https:\/\/www.dronninglundcup.com\/es\/wp-json\/wp\/v2\/comments?post=3826"}],"version-history":[{"count":7,"href":"https:\/\/www.dronninglundcup.com\/es\/wp-json\/wp\/v2\/pages\/3826\/revisions"}],"predecessor-version":[{"id":73145,"href":"https:\/\/www.dronninglundcup.com\/es\/wp-json\/wp\/v2\/pages\/3826\/revisions\/73145"}],"up":[{"embeddable":true,"href":"https:\/\/www.dronninglundcup.com\/es\/wp-json\/wp\/v2\/pages\/3865"}],"wp:attachment":[{"href":"https:\/\/www.dronninglundcup.com\/es\/wp-json\/wp\/v2\/media?parent=3826"}],"curies":[{"name":"wp","href":"https:\/\/api.w.org\/{rel}","templated":true}]}}