{"id":3762,"date":"2018-02-24T15:42:54","date_gmt":"2018-02-24T14:42:54","guid":{"rendered":"http:\/\/www.dronninglundcup.dk\/skoler-2\/"},"modified":"2026-01-22T09:35:19","modified_gmt":"2026-01-22T08:35:19","slug":"skoler-2","status":"publish","type":"page","link":"https:\/\/www.dronninglundcup.com\/es\/alojamiento\/lugares-de-alojamiento\/skoler-2\/","title":{"rendered":"Escuelas"},"content":{"rendered":"\n<h1 class=\"wp-block-heading\">Escuelas<\/h1>\n\n<div class=\"wp-block-columns are-vertically-aligned-center bg-grey is-layout-flex wp-container-core-columns-is-layout-28f84493 wp-block-columns-is-layout-flex\">\n<div class=\"wp-block-column is-layout-flow wp-block-column-is-layout-flow\">\n<p><em>\u2013 La mayor\u00eda de los participantes se alojan en escuelas<\/em><\/p>\n\n\n\n<p>La mayor\u00eda de los participantes en la Dronninglund Cup van a ser alojados en escuelas de Dronninglund y de la ciudad vecina m\u00e1s cercana: Hjallerup.<\/p>\n\n\n\n<p>Autobuses especiales estan en funcionamiento (cada media hora) entre los diferentes lugares de alojamiento y Dronninglund desde las 06.30 hs hasta las 23.30 hs.<\/p>\n\n\n\n<p>Los autobuses son, naturalmente gratis para los participantes de la copa<\/p>\n<\/div>\n<\/div>\n\n<div class=\"wp-block-columns are-vertically-aligned-center bg-white is-layout-flex wp-container-core-columns-is-layout-28f84493 wp-block-columns-is-layout-flex\">\n<div class=\"wp-block-column is-layout-flow wp-block-column-is-layout-flow\">\n<h2 class=\"wp-block-heading\">Lugares de alojamiento:<\/h2>\n\n\n\n<ul class=\"wp-block-list\">\n<li><a href=\"https:\/\/www.dronninglundcup.com\/es\/alojamiento\/lugares-de-alojamiento\/skoler-2\/dronninglund-skole\/\" target=\"_blank\" rel=\"noreferrer noopener\">Dronninglund Skole<\/a><\/li>\n\n\n\n<li><a href=\"https:\/\/www.dronninglundcup.com\/es\/alojamiento\/lugares-de-alojamiento\/skoler-2\/dronninglund-gymnasium\/\" target=\"_blank\" rel=\"noreferrer noopener\">Dronninglund Gymnasium<\/a><\/li>\n\n\n\n<li><a href=\"https:\/\/www.dronninglundcup.com\/es\/alojamiento\/lugares-de-alojamiento\/skoler-2\/dronninglund-efterskole\/\" target=\"_blank\" rel=\"noreferrer noopener\">Dronninglund Efterskole<\/a><\/li>\n\n\n\n<li><a href=\"https:\/\/www.dronninglundcup.com\/es\/alojamiento\/lugares-de-alojamiento\/skoler-2\/hjallerup-skole\/\" target=\"_blank\" rel=\"noreferrer noopener\">Hjallerup Skole og Hjallerup Idr\u00e6tscenter<\/a><\/li>\n\n\n\n<li><a href=\"https:\/\/www.dronninglundcup.com\/es\/asaa-skole-asaa-hallen\/\">Asaa Skole og Idr\u00e6tshal<\/a><\/li>\n<\/ul>\n<\/div>\n<\/div>\n","protected":false},"excerpt":{"rendered":"<p>Escuelas \u2013 La mayor\u00eda de los participantes se alojan en escuelas La mayor\u00eda de los participantes en la Dronninglund Cup van a ser alojados en escuelas de Dronninglund y de la ciudad vecina m\u00e1s cercana: Hjallerup. Autobuses especiales estan en funcionamiento (cada media hora) entre los diferentes lugares de alojamiento y Dronninglund desde las 06.30 [&hellip;]<\/p>\n","protected":false},"author":2,"featured_media":0,"parent":4100,"menu_order":0,"comment_status":"closed","ping_status":"closed","template":"","meta":{"_acf_changed":false,"footnotes":""},"class_list":["post-3762","page","type-page","status-publish","hentry"],"acf":[],"yoast_head":"<!-- This site is optimized with the Yoast SEO plugin v27.0 - https:\/\/yoast.com\/product\/yoast-seo-wordpress\/ -->\n<title>Escuelas - Dronninglund Cup<\/title>\n<meta name=\"robots\" content=\"index, follow, max-snippet:-1, max-image-preview:large, max-video-preview:-1\" \/>\n<link rel=\"canonical\" href=\"https:\/\/www.dronninglundcup.com\/es\/alojamiento\/lugares-de-alojamiento\/skoler-2\/\" \/>\n<meta property=\"og:locale\" content=\"es_ES\" \/>\n<meta property=\"og:type\" content=\"article\" \/>\n<meta property=\"og:title\" content=\"Escuelas - Dronninglund Cup\" \/>\n<meta property=\"og:description\" content=\"Escuelas \u2013 La mayor\u00eda de los participantes se alojan en escuelas La mayor\u00eda de los participantes en la Dronninglund Cup van a ser alojados en escuelas de Dronninglund y de la ciudad vecina m\u00e1s cercana: Hjallerup. Autobuses especiales estan en funcionamiento (cada media hora) entre los diferentes lugares de alojamiento y Dronninglund desde las 06.30 [&hellip;]\" \/>\n<meta property=\"og:url\" content=\"https:\/\/www.dronninglundcup.com\/es\/alojamiento\/lugares-de-alojamiento\/skoler-2\/\" \/>\n<meta property=\"og:site_name\" content=\"Dronninglund Cup\" \/>\n<meta property=\"article:modified_time\" content=\"2026-01-22T08:35:19+00:00\" \/>\n<meta name=\"twitter:card\" content=\"summary_large_image\" \/>\n<script type=\"application\/ld+json\" class=\"yoast-schema-graph\">{\"@context\":\"https:\/\/schema.org\",\"@graph\":[{\"@type\":\"WebPage\",\"@id\":\"https:\/\/www.dronninglundcup.com\/es\/alojamiento\/lugares-de-alojamiento\/skoler-2\/\",\"url\":\"https:\/\/www.dronninglundcup.com\/es\/alojamiento\/lugares-de-alojamiento\/skoler-2\/\",\"name\":\"Escuelas - Dronninglund Cup\",\"isPartOf\":{\"@id\":\"https:\/\/www.dronninglundcup.com\/es\/#website\"},\"datePublished\":\"2018-02-24T14:42:54+00:00\",\"dateModified\":\"2026-01-22T08:35:19+00:00\",\"breadcrumb\":{\"@id\":\"https:\/\/www.dronninglundcup.com\/es\/alojamiento\/lugares-de-alojamiento\/skoler-2\/#breadcrumb\"},\"inLanguage\":\"es\",\"potentialAction\":[{\"@type\":\"ReadAction\",\"target\":[\"https:\/\/www.dronninglundcup.com\/es\/alojamiento\/lugares-de-alojamiento\/skoler-2\/\"]}]},{\"@type\":\"BreadcrumbList\",\"@id\":\"https:\/\/www.dronninglundcup.com\/es\/alojamiento\/lugares-de-alojamiento\/skoler-2\/#breadcrumb\",\"itemListElement\":[{\"@type\":\"ListItem\",\"position\":1,\"name\":\"Home\",\"item\":\"https:\/\/www.dronninglundcup.com\/es\/\"},{\"@type\":\"ListItem\",\"position\":2,\"name\":\"Alojamiento\",\"item\":\"https:\/\/www.dronninglundcup.com\/es\/alojamiento\/\"},{\"@type\":\"ListItem\",\"position\":3,\"name\":\"Lugares de alojamiento\",\"item\":\"https:\/\/www.dronninglundcup.com\/es\/alojamiento\/lugares-de-alojamiento\/\"},{\"@type\":\"ListItem\",\"position\":4,\"name\":\"Escuelas\"}]},{\"@type\":\"WebSite\",\"@id\":\"https:\/\/www.dronninglundcup.com\/es\/#website\",\"url\":\"https:\/\/www.dronninglundcup.com\/es\/\",\"name\":\"Dronninglund Cup\",\"description\":\"\",\"publisher\":{\"@id\":\"https:\/\/www.dronninglundcup.com\/es\/#organization\"},\"potentialAction\":[{\"@type\":\"SearchAction\",\"target\":{\"@type\":\"EntryPoint\",\"urlTemplate\":\"https:\/\/www.dronninglundcup.com\/es\/?s={search_term_string}\"},\"query-input\":{\"@type\":\"PropertyValueSpecification\",\"valueRequired\":true,\"valueName\":\"search_term_string\"}}],\"inLanguage\":\"es\"},{\"@type\":\"Organization\",\"@id\":\"https:\/\/www.dronninglundcup.com\/es\/#organization\",\"name\":\"Dronninglund Cup\",\"url\":\"https:\/\/www.dronninglundcup.com\/es\/\",\"logo\":{\"@type\":\"ImageObject\",\"inLanguage\":\"es\",\"@id\":\"https:\/\/www.dronninglundcup.com\/es\/#\/schema\/logo\/image\/\",\"url\":\"https:\/\/www.dronninglundcup.com\/wp-content\/uploads\/2018\/01\/Cup-white-red-155.png\",\"contentUrl\":\"https:\/\/www.dronninglundcup.com\/wp-content\/uploads\/2018\/01\/Cup-white-red-155.png\",\"width\":155,\"height\":170,\"caption\":\"Dronninglund Cup\"},\"image\":{\"@id\":\"https:\/\/www.dronninglundcup.com\/es\/#\/schema\/logo\/image\/\"}}]}<\/script>\n<!-- \/ Yoast SEO plugin. -->","yoast_head_json":{"title":"Escuelas - Dronninglund Cup","robots":{"index":"index","follow":"follow","max-snippet":"max-snippet:-1","max-image-preview":"max-image-preview:large","max-video-preview":"max-video-preview:-1"},"canonical":"https:\/\/www.dronninglundcup.com\/es\/alojamiento\/lugares-de-alojamiento\/skoler-2\/","og_locale":"es_ES","og_type":"article","og_title":"Escuelas - Dronninglund Cup","og_description":"Escuelas \u2013 La mayor\u00eda de los participantes se alojan en escuelas La mayor\u00eda de los participantes en la Dronninglund Cup van a ser alojados en escuelas de Dronninglund y de la ciudad vecina m\u00e1s cercana: Hjallerup. Autobuses especiales estan en funcionamiento (cada media hora) entre los diferentes lugares de alojamiento y Dronninglund desde las 06.30 [&hellip;]","og_url":"https:\/\/www.dronninglundcup.com\/es\/alojamiento\/lugares-de-alojamiento\/skoler-2\/","og_site_name":"Dronninglund Cup","article_modified_time":"2026-01-22T08:35:19+00:00","twitter_card":"summary_large_image","schema":{"@context":"https:\/\/schema.org","@graph":[{"@type":"WebPage","@id":"https:\/\/www.dronninglundcup.com\/es\/alojamiento\/lugares-de-alojamiento\/skoler-2\/","url":"https:\/\/www.dronninglundcup.com\/es\/alojamiento\/lugares-de-alojamiento\/skoler-2\/","name":"Escuelas - Dronninglund Cup","isPartOf":{"@id":"https:\/\/www.dronninglundcup.com\/es\/#website"},"datePublished":"2018-02-24T14:42:54+00:00","dateModified":"2026-01-22T08:35:19+00:00","breadcrumb":{"@id":"https:\/\/www.dronninglundcup.com\/es\/alojamiento\/lugares-de-alojamiento\/skoler-2\/#breadcrumb"},"inLanguage":"es","potentialAction":[{"@type":"ReadAction","target":["https:\/\/www.dronninglundcup.com\/es\/alojamiento\/lugares-de-alojamiento\/skoler-2\/"]}]},{"@type":"BreadcrumbList","@id":"https:\/\/www.dronninglundcup.com\/es\/alojamiento\/lugares-de-alojamiento\/skoler-2\/#breadcrumb","itemListElement":[{"@type":"ListItem","position":1,"name":"Home","item":"https:\/\/www.dronninglundcup.com\/es\/"},{"@type":"ListItem","position":2,"name":"Alojamiento","item":"https:\/\/www.dronninglundcup.com\/es\/alojamiento\/"},{"@type":"ListItem","position":3,"name":"Lugares de alojamiento","item":"https:\/\/www.dronninglundcup.com\/es\/alojamiento\/lugares-de-alojamiento\/"},{"@type":"ListItem","position":4,"name":"Escuelas"}]},{"@type":"WebSite","@id":"https:\/\/www.dronninglundcup.com\/es\/#website","url":"https:\/\/www.dronninglundcup.com\/es\/","name":"Dronninglund Cup","description":"","publisher":{"@id":"https:\/\/www.dronninglundcup.com\/es\/#organization"},"potentialAction":[{"@type":"SearchAction","target":{"@type":"EntryPoint","urlTemplate":"https:\/\/www.dronninglundcup.com\/es\/?s={search_term_string}"},"query-input":{"@type":"PropertyValueSpecification","valueRequired":true,"valueName":"search_term_string"}}],"inLanguage":"es"},{"@type":"Organization","@id":"https:\/\/www.dronninglundcup.com\/es\/#organization","name":"Dronninglund Cup","url":"https:\/\/www.dronninglundcup.com\/es\/","logo":{"@type":"ImageObject","inLanguage":"es","@id":"https:\/\/www.dronninglundcup.com\/es\/#\/schema\/logo\/image\/","url":"https:\/\/www.dronninglundcup.com\/wp-content\/uploads\/2018\/01\/Cup-white-red-155.png","contentUrl":"https:\/\/www.dronninglundcup.com\/wp-content\/uploads\/2018\/01\/Cup-white-red-155.png","width":155,"height":170,"caption":"Dronninglund Cup"},"image":{"@id":"https:\/\/www.dronninglundcup.com\/es\/#\/schema\/logo\/image\/"}}]}},"_links":{"self":[{"href":"https:\/\/www.dronninglundcup.com\/es\/wp-json\/wp\/v2\/pages\/3762","targetHints":{"allow":["GET"]}}],"collection":[{"href":"https:\/\/www.dronninglundcup.com\/es\/wp-json\/wp\/v2\/pages"}],"about":[{"href":"https:\/\/www.dronninglundcup.com\/es\/wp-json\/wp\/v2\/types\/page"}],"author":[{"embeddable":true,"href":"https:\/\/www.dronninglundcup.com\/es\/wp-json\/wp\/v2\/users\/2"}],"replies":[{"embeddable":true,"href":"https:\/\/www.dronninglundcup.com\/es\/wp-json\/wp\/v2\/comments?post=3762"}],"version-history":[{"count":11,"href":"https:\/\/www.dronninglundcup.com\/es\/wp-json\/wp\/v2\/pages\/3762\/revisions"}],"predecessor-version":[{"id":72922,"href":"https:\/\/www.dronninglundcup.com\/es\/wp-json\/wp\/v2\/pages\/3762\/revisions\/72922"}],"up":[{"embeddable":true,"href":"https:\/\/www.dronninglundcup.com\/es\/wp-json\/wp\/v2\/pages\/4100"}],"wp:attachment":[{"href":"https:\/\/www.dronninglundcup.com\/es\/wp-json\/wp\/v2\/media?parent=3762"}],"curies":[{"name":"wp","href":"https:\/\/api.w.org\/{rel}","templated":true}]}}