{"id":3743,"date":"2018-02-24T15:43:24","date_gmt":"2018-02-24T14:43:24","guid":{"rendered":"http:\/\/www.dronninglundcup.dk\/anden-indkvartering-2\/"},"modified":"2025-08-17T21:56:42","modified_gmt":"2025-08-17T19:56:42","slug":"anden-indkvartering-2","status":"publish","type":"page","link":"https:\/\/www.dronninglundcup.com\/de\/unterkunft\/unterkunftsstellen\/anden-indkvartering-2\/","title":{"rendered":"Weitere Unterkunftsm\u00f6glichkeiten"},"content":{"rendered":"\n<h2 class=\"wp-block-heading\">Weitere Unterkunftsm\u00f6glichkeiten<\/h2>\n\n\n<p class=\"subheadline\">&#8211;\u00a0Man braucht nicht nur in den Schulen in Dronninglund und Hjallerup untergebracht zu werden.\u00a0<\/p>\n\n\n<div class=\"wp-block-columns bg-white is-layout-flex wp-container-core-columns-is-layout-28f84493 wp-block-columns-is-layout-flex\">\n<div class=\"wp-block-column is-layout-flow wp-block-column-is-layout-flow\">\n\n<div class=\"csc-header csc-header-n1\">\n<p class=\"bodytext\">Nat\u00fcrlich werden die meisten Teilnehmer des Dronninglund Cup in Schulen in Dronninglund und Hjallerup untergebracht. Dar\u00fcber hinaus haben einige gew\u00e4hlt, auf dem Campingplatz zu wohnen, w\u00e4hrend andere einen Hotelaufenthalt bevorzugt haben.<\/p>\n<p class=\"bodytext\">Es gibt jedoch noch eine M\u00f6glichkeit, die private Unterkunft.<\/p>\n<p class=\"bodytext\">Normalerweise arrangieren sich die Teilnehmer selbst, aber aus Erfahrung wissen wir, dass es schwierig sein kann, f\u00fcr eine oder mehrere Mannschaften private Unterkunft zu finden.<\/p>\n<p class=\"bodytext\">Wenn es dagegen um Familie und Freunde geht, die die Fahrt nach Dronninglund mit Urlaub kombinieren wollen, mieten einige Sommerh\u00e4user in Vendsyssel. Damit k\u00f6nnen wir nur ausnahmsweise behilflich sein, wir verweisen dagegen generell auf Vermittlungsbureaus, die oft ein gro\u00dfes Angebot an Sommer- und Ferienh\u00e4usern in verschieden Gr\u00f6\u00dfen und Preisstufen haben.<\/p>\n<\/div>\n\n\n<\/div>\n<\/div>\n\n\n<div class=\"wp-block-columns bg-grey is-layout-flex wp-container-core-columns-is-layout-28f84493 wp-block-columns-is-layout-flex\">\n<div class=\"wp-block-column is-layout-flow wp-block-column-is-layout-flow\">\n\n<h2 class=\"wp-block-heading\">&#8222;Sonne und Strand&#8220; (Sol og Strand)<\/h2>\n\n\n<p><img loading=\"lazy\" decoding=\"async\" class=\"aligncenter wp-image-1266 size-full\" src=\"http:\/\/www.dronninglundcup.dk\/wp-content\/uploads\/2018\/03\/sologstrand1.jpg\" alt=\"\" width=\"711\" height=\"289\" srcset=\"https:\/\/www.dronninglundcup.com\/wp-content\/uploads\/2018\/03\/sologstrand1.jpg 711w, https:\/\/www.dronninglundcup.com\/wp-content\/uploads\/2018\/03\/sologstrand1-600x244.jpg 600w\" sizes=\"auto, (max-width: 711px) 100vw, 711px\" \/><\/p>\n<p class=\"bodytext\">Eine der gr\u00f6\u00dften Vermittlungsfirmen hei\u00dft \u201dSonne und Strand\u201d und hat Ferienh\u00e4user im ganzen Land darunter nat\u00fcrlich auch in Nordj\u00fctland. Es ist empfehlenswert, die Homepage der Firma zu untersuchen.<\/p>\n<h3>Adresse:<\/h3>\n<div class=\"indent\">\n<p class=\"bodytext\">Ilsigvej 21<br \/>\nHune<br \/>\nDK-9492 Blokhus<br \/>\nD\u00e4nemark<br \/>\nTlf.: +45 99 44 44 44<br \/>\nFX: +45 99 44 44 45<br \/>\nE-mail:\u00a0<a href=\"mailto:info@sologstrand.dk\">info@sologstrand.dk<\/a><br \/>\nWeb:\u00a0<a class=\"og\" title=\"starnd&amp;urlnr=1',\" href=\"http:\/\/www.sonneundstrand.de\/\" target=\"http:\/\/www.zipstat.dk\/cgi-bin\/zipstat\/clickCounter.php?brugernavn=drlcup&amp;urlnavn=Sol\">http:\/\/www.sonneundstrand.de\/<\/a><\/p>\n<\/div>\n\n\n<\/div>\n<\/div>\n\n  \n  <div class=\"wp-block-group bg-white is-layout-constrained wp-block-group-is-layout-constrained\">\n  \n<h2 class=\"wp-block-heading\">&#8222;Feline Holidays&#8220;<\/h2>\n\n\n  \n  <div class=\"wp-block-columns is-layout-flex wp-container-core-columns-is-layout-28f84493 wp-block-columns-is-layout-flex\">\n  \n  <div class=\"wp-block-column is-layout-flow wp-block-column-is-layout-flow\">\n  \n  <p>Feline sammelt Ferienh\u00e4user und Ferienwohnungen von mehr als 50 Mietagenturen auf einer Internetseite und macht es dadurch einfach zwischen diesen zu suchen. Damit haben Sie die gr\u00f6\u00dfte Auswahl an Ferienh\u00e4usern in bester Lage in Nordj\u00fctland.<\/p>\n\n  \n  <\/div>\n  \n  \n  <div class=\"wp-block-column is-layout-flow wp-block-column-is-layout-flow\">\n  \n  <h3><strong><span lang=\"DA\">Adresse:<\/span><\/strong><\/h3>\n<p class=\"bodytext\"><span lang=\"DA\">Nygade 8B, 2.th<br \/>\n<\/span>DK-7400 Herning<br \/>\nD\u00e4nemark<br \/>\nTlf. +45 8724 2251<br \/>\nE-mail:\u00a0<span lang=\"DA\"><span lang=\"EN-US\"><a href=\"mailto:info@feline-holidays.de\">info@feline-holidays.de<\/a><\/span><\/span><br \/>\nWeb:\u00a0<span lang=\"DA\"><span lang=\"EN-US\"><a href=\"https:\/\/www.feline-holidays.de\/\" target=\"_blank\" rel=\"noopener\">http:\/\/www.feline-holidays.de\/<\/a><\/span><\/span><\/p>\n<p class=\"bodytext\">\n\n  \n  <\/div>\n  \n  <\/div>\n  \n  <\/div>\n  \n  \n  <div class=\"wp-block-group bg-grey is-layout-constrained wp-block-group-is-layout-constrained\">\n  \n<h2 class=\"wp-block-heading\">&#8222;Rosenbyhytten&#8220;<\/h2>\n\n\n  \n  <div class=\"wp-block-columns is-layout-flex wp-container-core-columns-is-layout-28f84493 wp-block-columns-is-layout-flex\">\n  \n  <div class=\"wp-block-column is-layout-flow wp-block-column-is-layout-flow\">\n  \n  <div class=\"csc-textpic csc-textpic-center csc-textpic-below csc-textpic-border\">\n<div class=\"csc-textpic-text\">\n<p>F\u00fcnf Kilometer westlich von Dronninglund finden Sie &#8221; Rosenbyhytten &#8221; die zu den FDF Scouts geh\u00f6rt :<\/p>\n<ul>\n<li>Kapazit\u00e4t: 28 Personen<\/li>\n<li>3 Schlafzimmer jeweils mit 8 Betten, Dusche und WC.<\/li>\n<li>2 Schlafzimmer \/ separate Zimmer mit je 2 Betten<\/li>\n<li>K\u00fcche mit Herd , Backofen, K\u00fchlschrank , Geschirrsp\u00fcler.<\/li>\n<li>Service f\u00fcr 50 Personen.<\/li>\n<li>Holzofen<\/li>\n<li>8 Hektar Land mit Freifl\u00e4chen f\u00fcr Zeltpl\u00e4tze, Lagerfeuer und Fu\u00dfball.<\/li>\n<\/ul>\n<h3>Adresse:<\/h3>\n<p class=\"bodytext\">Rosenbyhytten<br \/>\nHimmerigsvej 3<br \/>\nDK-9330 Dronninglund<br \/>\nD\u00e4nemark<\/p>\n<p class=\"bodytext\">\n<\/div>\n<div class=\"csc-textpic-imagewrap csc-textpic-single-image\"><\/div>\n<\/div>\n<div class=\"csc-textpic-clear\"><\/div>\n\n  \n  <\/div>\n  \n  \n  <div class=\"wp-block-column is-layout-flow wp-block-column-is-layout-flow\">\n  \n  <h3>Kontakt:<\/h3>\n<p class=\"bodytext\">Louise Sundgaard, Telefon: +45 2088 8925<br \/>\nE-mail: <a href=\"mailto:rosenbyhytten@gmail.com\">rosenbyhytten@gmail.com<\/a><\/p>\n<p><img loading=\"lazy\" decoding=\"async\" class=\"aligncenter wp-image-53372\" src=\"https:\/\/www.dronninglundcup.com\/wp-content\/uploads\/2024\/10\/Rosenbyhytten2.jpg\" alt=\"\" width=\"550\" height=\"279\" srcset=\"https:\/\/www.dronninglundcup.com\/wp-content\/uploads\/2024\/10\/Rosenbyhytten2.jpg 1001w, https:\/\/www.dronninglundcup.com\/wp-content\/uploads\/2024\/10\/Rosenbyhytten2-768x389.jpg 768w, https:\/\/www.dronninglundcup.com\/wp-content\/uploads\/2024\/10\/Rosenbyhytten2-150x76.jpg 150w, https:\/\/www.dronninglundcup.com\/wp-content\/uploads\/2024\/10\/Rosenbyhytten2-600x304.jpg 600w\" sizes=\"auto, (max-width: 550px) 100vw, 550px\" \/><\/p>\n\n  \n  <\/div>\n  \n  <\/div>\n  \n  <\/div>\n  \n\n<div class=\"wp-block-columns bg-white is-layout-flex wp-container-core-columns-is-layout-28f84493 wp-block-columns-is-layout-flex\">\n<div class=\"wp-block-column is-layout-flow wp-block-column-is-layout-flow\">\n\n<h2 class=\"wp-block-heading\">\u00dcbernachtung mit Fr\u00fchst\u00fcck<\/h2>\n\n<\/div>\n<\/div>\n\n  \n  <div class=\"wp-block-group bg-white is-layout-constrained wp-block-group-is-layout-constrained\">\n  \n<h2 class=\"wp-block-heading\">&#8222;Holtegaard&#8220;<\/h2>\n\n\n  \n  <div class=\"wp-block-columns is-layout-flex wp-container-core-columns-is-layout-28f84493 wp-block-columns-is-layout-flex\">\n  \n  <div class=\"wp-block-column is-layout-flow wp-block-column-is-layout-flow\">\n  \n  <div id=\"c3443\" class=\"csc-default\">\n<div class=\"csc-textpic csc-textpic-center csc-textpic-below csc-textpic-border\">\n<div class=\"csc-textpic-text\">\n<p class=\"bodytext\">Holtegaard ist ein sch\u00f6nes altes Bauernhaus in der Mitte von Nordj\u00fctland- zwischen Autobahnkreuz 16 und 17.<\/p>\n<p class=\"bodytext\">Holtegaard verf\u00fcgt \u00fcber 4 Doppelzimmer &#8211; inklusive ein Zimmer mit 3 Betten und 2 Einzelzimmer . Zusatzbett auf Anfrage.<\/p>\n<p><img loading=\"lazy\" decoding=\"async\" class=\"alignnone wp-image-1292\" src=\"https:\/\/www.dronninglundcup.com\/wp-content\/uploads\/2018\/03\/holtegaard2.jpg\" alt=\"\" width=\"500\" height=\"310\" \/><\/p>\n<\/div>\n<\/div>\n<\/div>\n<div id=\"c3448\" class=\"csc-default\">\n<div class=\"csc-textpic-text\">\n<div class=\"indent\">\n<p class=\"bodytext\">\n<\/div>\n<\/div>\n<\/div>\n\n  \n  <\/div>\n  \n  \n  <div class=\"wp-block-column is-layout-flow wp-block-column-is-layout-flow\">\n  \n  <p><img loading=\"lazy\" decoding=\"async\" class=\"aligncenter wp-image-1285\" src=\"https:\/\/www.dronninglundcup.com\/wp-content\/uploads\/2018\/03\/holtegaqard1.jpg\" alt=\"\" width=\"550\" height=\"413\" \/><\/p>\n<p>V. Hassingvej 39<br \/>\nDK-9330 Dronninglund<br \/>\nD\u00e4nemark<br \/>\nTlf. +45 20272196<br \/>\n<a title=\"\u00c5bner eksternt link i et nyt vindue\" href=\"http:\/\/www.holtegaard.info\/\" target=\"_blank\" rel=\"noopener\">post@holtegaard.info<br \/>\nwww.holtegaard.info<\/a><\/p>\n\n  \n  <\/div>\n  \n  <\/div>\n  \n  <\/div>\n  \n  \n  <div class=\"wp-block-group bg-grey is-layout-constrained wp-block-group-is-layout-constrained\">\n  \n<h2 class=\"wp-block-heading\">&#8222;Ellek\u00e6r G\u00e5rd&#8220;<\/h2>\n\n\n  \n  <div class=\"wp-block-columns is-layout-flex wp-container-core-columns-is-layout-28f84493 wp-block-columns-is-layout-flex\">\n  \n  <div class=\"wp-block-column is-layout-flow wp-block-column-is-layout-flow\">\n  \n  <p class=\"bodytext\"><b>Ellek\u00e6r-Gaard<\/b>\u00a0&#8211; Bauernhaus in der N\u00e4he von Schloss Voergaard, n\u00f6rdlich von Dronninglund.<\/p>\n<p class=\"bodytext\">Doppelzimmer mit Wohnraum in Suite, Fr\u00fchst\u00fcck (organisch). G\u00e4stebett. Fahrr\u00e4der zu mieten.<\/p>\n<div class=\"indent\">\n<p class=\"bodytext\">Tlf. +45 3511 0290 eller +45 3118 3732<br \/>\n<a title=\"\u00c5bner vindue til at sende en mail\" href=\"mailto:postmaster@ellekaer-gaard.dk\">postmaster@ellekaer-gaard.dk<\/a><br \/>\n<a class=\"external-link-new-window\" title=\"\u00c5bner eksternt link i et nyt vindue\" href=\"http:\/\/www.ellekaer-gaard.dk\/\" target=\"_blank\" rel=\"noopener\">www.ellekaer-gaard.dk<\/a><\/p>\n<\/div>\n\n  \n  <\/div>\n  \n  \n  <div class=\"wp-block-column is-layout-flow wp-block-column-is-layout-flow\">\n  \n  <p><img loading=\"lazy\" decoding=\"async\" class=\"aligncenter wp-image-1315\" src=\"https:\/\/www.dronninglundcup.com\/wp-content\/uploads\/2018\/03\/ellekaer.jpeg\" alt=\"\" width=\"550\" height=\"368\" srcset=\"https:\/\/www.dronninglundcup.com\/wp-content\/uploads\/2018\/03\/ellekaer.jpeg 320w, https:\/\/www.dronninglundcup.com\/wp-content\/uploads\/2018\/03\/ellekaer-300x200.jpeg 300w\" sizes=\"auto, (max-width: 550px) 100vw, 550px\" \/><\/p>\n\n  \n  <\/div>\n  \n  <\/div>\n  \n  <\/div>\n  \n  \n  <div class=\"wp-block-group bg-white is-layout-constrained wp-block-group-is-layout-constrained\">\n  \n<h2 class=\"wp-block-heading\">Alb\u00e6k-Voer &#8222;Ferien- und Kulturhaus&#8220;<\/h2>\n\n\n  \n  <div class=\"wp-block-columns is-layout-flex wp-container-core-columns-is-layout-28f84493 wp-block-columns-is-layout-flex\">\n  \n  <div class=\"wp-block-column is-layout-flow wp-block-column-is-layout-flow\">\n  \n  <p>Das Alb\u00e6k-Voer &#8220;Ferien- und Kulturhaus&#8221; befindet sich in Pr\u00e6stbro, nur 35 km von Aalborg und 25 km von Frederikshavn entfernt und bietet kostenfreie Privatparkpl\u00e4tze an der Unterkunft.<\/p>\n<p><strong>Adresse:<\/strong><\/p>\n<p>Hovedgaden 1A<br \/>\nDK-9330 Pr\u00e6stbro<br \/>\nD\u00e4nemark<br \/>\nTlf.: +45\u00a0<span class=\"_Xbe _ZWk kno-fv\"><span data-dtype=\"d3ifr\" data-local-attribute=\"d3ph\">40 18 70 09<\/span><\/span><\/p>\n\n  \n  <\/div>\n  \n  \n  <div class=\"wp-block-column is-layout-flow wp-block-column-is-layout-flow\">\n  \n  <p><img loading=\"lazy\" decoding=\"async\" class=\"aligncenter wp-image-1330\" src=\"https:\/\/www.dronninglundcup.com\/wp-content\/uploads\/2018\/03\/albaek-voer-300x200.jpg\" alt=\"\" width=\"550\" height=\"239\" srcset=\"https:\/\/www.dronninglundcup.com\/wp-content\/uploads\/2018\/03\/albaek-voer-768x334.jpg 768w, https:\/\/www.dronninglundcup.com\/wp-content\/uploads\/2018\/03\/albaek-voer-600x261.jpg 600w, https:\/\/www.dronninglundcup.com\/wp-content\/uploads\/2018\/03\/albaek-voer.jpg 800w\" sizes=\"auto, (max-width: 550px) 100vw, 550px\" \/><\/p>\n\n  \n  <\/div>\n  \n  <\/div>\n  \n  <\/div>\n  \n  \n  <div class=\"wp-block-group bg-grey is-layout-constrained wp-block-group-is-layout-constrained\">\n  \n<h2 class=\"wp-block-heading\">SKANSEN &#8211; N\u00f8rresundby Sportzentrum<\/h2>\n\n\n  \n  <div class=\"wp-block-columns is-layout-flex wp-container-core-columns-is-layout-28f84493 wp-block-columns-is-layout-flex\">\n  \n  <div class=\"wp-block-column is-layout-flow wp-block-column-is-layout-flow\">\n  \n  <p><img loading=\"lazy\" decoding=\"async\" class=\"aligncenter wp-image-53426\" src=\"https:\/\/www.dronninglundcup.com\/wp-content\/uploads\/2024\/11\/skansen-1024x768.jpg\" alt=\"\" width=\"550\" height=\"412\" srcset=\"https:\/\/www.dronninglundcup.com\/wp-content\/uploads\/2024\/11\/skansen-1024x768.jpg 1024w, https:\/\/www.dronninglundcup.com\/wp-content\/uploads\/2024\/11\/skansen-768x576.jpg 768w, https:\/\/www.dronninglundcup.com\/wp-content\/uploads\/2024\/11\/skansen-120x90.jpg 120w, https:\/\/www.dronninglundcup.com\/wp-content\/uploads\/2024\/11\/skansen-600x450.jpg 600w, https:\/\/www.dronninglundcup.com\/wp-content\/uploads\/2024\/11\/skansen.jpg 1150w\" sizes=\"auto, (max-width: 550px) 100vw, 550px\" \/><\/p>\n\n  \n  <\/div>\n  \n  \n  <div class=\"wp-block-column is-layout-flow wp-block-column-is-layout-flow\">\n  \n  <p>An der Spitze des N\u00f8rresundby, nur 24 Autominuten von Dronninglund entfernt, liegt\u00a0<a href=\"http:\/\/nsbic.dk\/\">SKANSEN<\/a>.<\/p>\n<p>Das Zentrum ist ein Mekka f\u00fcr Sport und Wellness, wo Sie das Schwimmbad zur Entspannung und Erholung zwischen den Spieltagen nutzen k\u00f6nnen. Das Zentrum bietet Unterkunft in 29 Zimmern, die alle mit WC, Dusche, TV und WLAN ausgestattet sind. Die Flure verf\u00fcgen \u00fcber eine K\u00fcchenzeile mit einer Mikrowelle und einem K\u00fchlschrank. Dar\u00fcber hinaus gibt es eine komplette Fitnessanlage, Padel-Tennis und Hallen.<\/p>\n<p>Nur 1,8 km vom Stadtzentrum von Aalborg entfernt, gibt es einfachen Zugang zu Einkaufsm\u00f6glichkeiten und Stadtleben.<\/p>\n<p>SKANSEN<br \/>\nLerumbakken 11<br \/>\nDK-9400 N\u00f8rresundby<br \/>\nRuf:\u00a0<strong>+45 98 17 43 66<\/strong><br \/>\nWeb:\u00a0<a href=\"http:\/\/oplevskansen.dk\/\">oplevskansen.dk<\/a><br \/>\nMail:\u00a0<strong><a href=\"mailto:info@oplevskansen.dk\">info@oplevskansen.dk<\/a><\/strong><\/p>\n\n  \n  <\/div>\n  \n  <\/div>\n  \n  <\/div>\n  \n","protected":false},"excerpt":{"rendered":"<p>Weitere Unterkunftsm\u00f6glichkeiten &#8211;\u00a0Man braucht nicht nur in den Schulen in Dronninglund und Hjallerup untergebracht zu werden.\u00a0 &#8222;Sonne und Strand&#8220; (Sol og Strand) &#8222;Feline Holidays&#8220; &#8222;Rosenbyhytten&#8220; \u00dcbernachtung mit Fr\u00fchst\u00fcck &#8222;Holtegaard&#8220; &#8222;Ellek\u00e6r G\u00e5rd&#8220; Alb\u00e6k-Voer &#8222;Ferien- und Kulturhaus&#8220; SKANSEN &#8211; N\u00f8rresundby Sportzentrum<\/p>\n","protected":false},"author":2,"featured_media":0,"parent":4099,"menu_order":3,"comment_status":"closed","ping_status":"closed","template":"","meta":{"_acf_changed":false,"footnotes":""},"class_list":["post-3743","page","type-page","status-publish","hentry"],"acf":[],"yoast_head":"<!-- This site is optimized with the Yoast SEO plugin v27.0 - https:\/\/yoast.com\/product\/yoast-seo-wordpress\/ -->\n<title>Weitere Unterkunftsm\u00f6glichkeiten - Dronninglund Cup<\/title>\n<meta name=\"robots\" content=\"index, follow, max-snippet:-1, max-image-preview:large, max-video-preview:-1\" \/>\n<link rel=\"canonical\" href=\"https:\/\/www.dronninglundcup.com\/de\/unterkunft\/unterkunftsstellen\/anden-indkvartering-2\/\" \/>\n<meta property=\"og:locale\" content=\"de_DE\" \/>\n<meta property=\"og:type\" content=\"article\" \/>\n<meta property=\"og:title\" content=\"Weitere Unterkunftsm\u00f6glichkeiten - Dronninglund Cup\" \/>\n<meta property=\"og:description\" content=\"Weitere Unterkunftsm\u00f6glichkeiten &#8211;\u00a0Man braucht nicht nur in den Schulen in Dronninglund und Hjallerup untergebracht zu werden.\u00a0 &#8222;Sonne und Strand&#8220; (Sol og Strand) &#8222;Feline Holidays&#8220; &#8222;Rosenbyhytten&#8220; \u00dcbernachtung mit Fr\u00fchst\u00fcck &#8222;Holtegaard&#8220; &#8222;Ellek\u00e6r G\u00e5rd&#8220; Alb\u00e6k-Voer &#8222;Ferien- und Kulturhaus&#8220; SKANSEN &#8211; N\u00f8rresundby Sportzentrum\" \/>\n<meta property=\"og:url\" content=\"https:\/\/www.dronninglundcup.com\/de\/unterkunft\/unterkunftsstellen\/anden-indkvartering-2\/\" \/>\n<meta property=\"og:site_name\" content=\"Dronninglund Cup\" \/>\n<meta property=\"article:modified_time\" content=\"2025-08-17T19:56:42+00:00\" \/>\n<meta property=\"og:image\" content=\"https:\/\/www.dronninglundcup.com\/wp-content\/uploads\/2018\/03\/sologstrand1.jpg\" \/>\n\t<meta property=\"og:image:width\" content=\"711\" \/>\n\t<meta property=\"og:image:height\" content=\"289\" \/>\n\t<meta property=\"og:image:type\" content=\"image\/jpeg\" \/>\n<meta name=\"twitter:card\" content=\"summary_large_image\" \/>\n<meta name=\"twitter:label1\" content=\"Gesch\u00e4tzte Lesezeit\" \/>\n\t<meta name=\"twitter:data1\" content=\"3\u00a0Minuten\" \/>\n<script type=\"application\/ld+json\" class=\"yoast-schema-graph\">{\"@context\":\"https:\/\/schema.org\",\"@graph\":[{\"@type\":\"WebPage\",\"@id\":\"https:\/\/www.dronninglundcup.com\/de\/unterkunft\/unterkunftsstellen\/anden-indkvartering-2\/\",\"url\":\"https:\/\/www.dronninglundcup.com\/de\/unterkunft\/unterkunftsstellen\/anden-indkvartering-2\/\",\"name\":\"Weitere Unterkunftsm\u00f6glichkeiten - Dronninglund Cup\",\"isPartOf\":{\"@id\":\"https:\/\/www.dronninglundcup.com\/de\/#website\"},\"primaryImageOfPage\":{\"@id\":\"https:\/\/www.dronninglundcup.com\/de\/unterkunft\/unterkunftsstellen\/anden-indkvartering-2\/#primaryimage\"},\"image\":{\"@id\":\"https:\/\/www.dronninglundcup.com\/de\/unterkunft\/unterkunftsstellen\/anden-indkvartering-2\/#primaryimage\"},\"thumbnailUrl\":\"http:\/\/www.dronninglundcup.dk\/wp-content\/uploads\/2018\/03\/sologstrand1.jpg\",\"datePublished\":\"2018-02-24T14:43:24+00:00\",\"dateModified\":\"2025-08-17T19:56:42+00:00\",\"breadcrumb\":{\"@id\":\"https:\/\/www.dronninglundcup.com\/de\/unterkunft\/unterkunftsstellen\/anden-indkvartering-2\/#breadcrumb\"},\"inLanguage\":\"de\",\"potentialAction\":[{\"@type\":\"ReadAction\",\"target\":[\"https:\/\/www.dronninglundcup.com\/de\/unterkunft\/unterkunftsstellen\/anden-indkvartering-2\/\"]}]},{\"@type\":\"ImageObject\",\"inLanguage\":\"de\",\"@id\":\"https:\/\/www.dronninglundcup.com\/de\/unterkunft\/unterkunftsstellen\/anden-indkvartering-2\/#primaryimage\",\"url\":\"http:\/\/www.dronninglundcup.dk\/wp-content\/uploads\/2018\/03\/sologstrand1.jpg\",\"contentUrl\":\"http:\/\/www.dronninglundcup.dk\/wp-content\/uploads\/2018\/03\/sologstrand1.jpg\"},{\"@type\":\"BreadcrumbList\",\"@id\":\"https:\/\/www.dronninglundcup.com\/de\/unterkunft\/unterkunftsstellen\/anden-indkvartering-2\/#breadcrumb\",\"itemListElement\":[{\"@type\":\"ListItem\",\"position\":1,\"name\":\"Home\",\"item\":\"https:\/\/www.dronninglundcup.com\/de\/\"},{\"@type\":\"ListItem\",\"position\":2,\"name\":\"Unterkunft\",\"item\":\"https:\/\/www.dronninglundcup.com\/de\/unterkunft\/\"},{\"@type\":\"ListItem\",\"position\":3,\"name\":\"Unterkunftsstellen\",\"item\":\"https:\/\/www.dronninglundcup.com\/de\/unterkunft\/unterkunftsstellen\/\"},{\"@type\":\"ListItem\",\"position\":4,\"name\":\"Weitere Unterkunftsm\u00f6glichkeiten\"}]},{\"@type\":\"WebSite\",\"@id\":\"https:\/\/www.dronninglundcup.com\/de\/#website\",\"url\":\"https:\/\/www.dronninglundcup.com\/de\/\",\"name\":\"Dronninglund Cup\",\"description\":\"\",\"publisher\":{\"@id\":\"https:\/\/www.dronninglundcup.com\/de\/#organization\"},\"potentialAction\":[{\"@type\":\"SearchAction\",\"target\":{\"@type\":\"EntryPoint\",\"urlTemplate\":\"https:\/\/www.dronninglundcup.com\/de\/?s={search_term_string}\"},\"query-input\":{\"@type\":\"PropertyValueSpecification\",\"valueRequired\":true,\"valueName\":\"search_term_string\"}}],\"inLanguage\":\"de\"},{\"@type\":\"Organization\",\"@id\":\"https:\/\/www.dronninglundcup.com\/de\/#organization\",\"name\":\"Dronninglund Cup\",\"url\":\"https:\/\/www.dronninglundcup.com\/de\/\",\"logo\":{\"@type\":\"ImageObject\",\"inLanguage\":\"de\",\"@id\":\"https:\/\/www.dronninglundcup.com\/de\/#\/schema\/logo\/image\/\",\"url\":\"https:\/\/www.dronninglundcup.com\/wp-content\/uploads\/2018\/01\/Cup-white-red-155.png\",\"contentUrl\":\"https:\/\/www.dronninglundcup.com\/wp-content\/uploads\/2018\/01\/Cup-white-red-155.png\",\"width\":155,\"height\":170,\"caption\":\"Dronninglund Cup\"},\"image\":{\"@id\":\"https:\/\/www.dronninglundcup.com\/de\/#\/schema\/logo\/image\/\"}}]}<\/script>\n<!-- \/ Yoast SEO plugin. -->","yoast_head_json":{"title":"Weitere Unterkunftsm\u00f6glichkeiten - Dronninglund Cup","robots":{"index":"index","follow":"follow","max-snippet":"max-snippet:-1","max-image-preview":"max-image-preview:large","max-video-preview":"max-video-preview:-1"},"canonical":"https:\/\/www.dronninglundcup.com\/de\/unterkunft\/unterkunftsstellen\/anden-indkvartering-2\/","og_locale":"de_DE","og_type":"article","og_title":"Weitere Unterkunftsm\u00f6glichkeiten - Dronninglund Cup","og_description":"Weitere Unterkunftsm\u00f6glichkeiten &#8211;\u00a0Man braucht nicht nur in den Schulen in Dronninglund und Hjallerup untergebracht zu werden.\u00a0 &#8222;Sonne und Strand&#8220; (Sol og Strand) &#8222;Feline Holidays&#8220; &#8222;Rosenbyhytten&#8220; \u00dcbernachtung mit Fr\u00fchst\u00fcck &#8222;Holtegaard&#8220; &#8222;Ellek\u00e6r G\u00e5rd&#8220; Alb\u00e6k-Voer &#8222;Ferien- und Kulturhaus&#8220; SKANSEN &#8211; N\u00f8rresundby Sportzentrum","og_url":"https:\/\/www.dronninglundcup.com\/de\/unterkunft\/unterkunftsstellen\/anden-indkvartering-2\/","og_site_name":"Dronninglund Cup","article_modified_time":"2025-08-17T19:56:42+00:00","og_image":[{"width":711,"height":289,"url":"https:\/\/www.dronninglundcup.com\/wp-content\/uploads\/2018\/03\/sologstrand1.jpg","type":"image\/jpeg"}],"twitter_card":"summary_large_image","twitter_misc":{"Gesch\u00e4tzte Lesezeit":"3\u00a0Minuten"},"schema":{"@context":"https:\/\/schema.org","@graph":[{"@type":"WebPage","@id":"https:\/\/www.dronninglundcup.com\/de\/unterkunft\/unterkunftsstellen\/anden-indkvartering-2\/","url":"https:\/\/www.dronninglundcup.com\/de\/unterkunft\/unterkunftsstellen\/anden-indkvartering-2\/","name":"Weitere Unterkunftsm\u00f6glichkeiten - Dronninglund Cup","isPartOf":{"@id":"https:\/\/www.dronninglundcup.com\/de\/#website"},"primaryImageOfPage":{"@id":"https:\/\/www.dronninglundcup.com\/de\/unterkunft\/unterkunftsstellen\/anden-indkvartering-2\/#primaryimage"},"image":{"@id":"https:\/\/www.dronninglundcup.com\/de\/unterkunft\/unterkunftsstellen\/anden-indkvartering-2\/#primaryimage"},"thumbnailUrl":"http:\/\/www.dronninglundcup.dk\/wp-content\/uploads\/2018\/03\/sologstrand1.jpg","datePublished":"2018-02-24T14:43:24+00:00","dateModified":"2025-08-17T19:56:42+00:00","breadcrumb":{"@id":"https:\/\/www.dronninglundcup.com\/de\/unterkunft\/unterkunftsstellen\/anden-indkvartering-2\/#breadcrumb"},"inLanguage":"de","potentialAction":[{"@type":"ReadAction","target":["https:\/\/www.dronninglundcup.com\/de\/unterkunft\/unterkunftsstellen\/anden-indkvartering-2\/"]}]},{"@type":"ImageObject","inLanguage":"de","@id":"https:\/\/www.dronninglundcup.com\/de\/unterkunft\/unterkunftsstellen\/anden-indkvartering-2\/#primaryimage","url":"http:\/\/www.dronninglundcup.dk\/wp-content\/uploads\/2018\/03\/sologstrand1.jpg","contentUrl":"http:\/\/www.dronninglundcup.dk\/wp-content\/uploads\/2018\/03\/sologstrand1.jpg"},{"@type":"BreadcrumbList","@id":"https:\/\/www.dronninglundcup.com\/de\/unterkunft\/unterkunftsstellen\/anden-indkvartering-2\/#breadcrumb","itemListElement":[{"@type":"ListItem","position":1,"name":"Home","item":"https:\/\/www.dronninglundcup.com\/de\/"},{"@type":"ListItem","position":2,"name":"Unterkunft","item":"https:\/\/www.dronninglundcup.com\/de\/unterkunft\/"},{"@type":"ListItem","position":3,"name":"Unterkunftsstellen","item":"https:\/\/www.dronninglundcup.com\/de\/unterkunft\/unterkunftsstellen\/"},{"@type":"ListItem","position":4,"name":"Weitere Unterkunftsm\u00f6glichkeiten"}]},{"@type":"WebSite","@id":"https:\/\/www.dronninglundcup.com\/de\/#website","url":"https:\/\/www.dronninglundcup.com\/de\/","name":"Dronninglund Cup","description":"","publisher":{"@id":"https:\/\/www.dronninglundcup.com\/de\/#organization"},"potentialAction":[{"@type":"SearchAction","target":{"@type":"EntryPoint","urlTemplate":"https:\/\/www.dronninglundcup.com\/de\/?s={search_term_string}"},"query-input":{"@type":"PropertyValueSpecification","valueRequired":true,"valueName":"search_term_string"}}],"inLanguage":"de"},{"@type":"Organization","@id":"https:\/\/www.dronninglundcup.com\/de\/#organization","name":"Dronninglund Cup","url":"https:\/\/www.dronninglundcup.com\/de\/","logo":{"@type":"ImageObject","inLanguage":"de","@id":"https:\/\/www.dronninglundcup.com\/de\/#\/schema\/logo\/image\/","url":"https:\/\/www.dronninglundcup.com\/wp-content\/uploads\/2018\/01\/Cup-white-red-155.png","contentUrl":"https:\/\/www.dronninglundcup.com\/wp-content\/uploads\/2018\/01\/Cup-white-red-155.png","width":155,"height":170,"caption":"Dronninglund Cup"},"image":{"@id":"https:\/\/www.dronninglundcup.com\/de\/#\/schema\/logo\/image\/"}}]}},"_links":{"self":[{"href":"https:\/\/www.dronninglundcup.com\/de\/wp-json\/wp\/v2\/pages\/3743","targetHints":{"allow":["GET"]}}],"collection":[{"href":"https:\/\/www.dronninglundcup.com\/de\/wp-json\/wp\/v2\/pages"}],"about":[{"href":"https:\/\/www.dronninglundcup.com\/de\/wp-json\/wp\/v2\/types\/page"}],"author":[{"embeddable":true,"href":"https:\/\/www.dronninglundcup.com\/de\/wp-json\/wp\/v2\/users\/2"}],"replies":[{"embeddable":true,"href":"https:\/\/www.dronninglundcup.com\/de\/wp-json\/wp\/v2\/comments?post=3743"}],"version-history":[{"count":11,"href":"https:\/\/www.dronninglundcup.com\/de\/wp-json\/wp\/v2\/pages\/3743\/revisions"}],"predecessor-version":[{"id":72321,"href":"https:\/\/www.dronninglundcup.com\/de\/wp-json\/wp\/v2\/pages\/3743\/revisions\/72321"}],"up":[{"embeddable":true,"href":"https:\/\/www.dronninglundcup.com\/de\/wp-json\/wp\/v2\/pages\/4099"}],"wp:attachment":[{"href":"https:\/\/www.dronninglundcup.com\/de\/wp-json\/wp\/v2\/media?parent=3743"}],"curies":[{"name":"wp","href":"https:\/\/api.w.org\/{rel}","templated":true}]}}