{"id":5460,"date":"2018-05-03T15:38:17","date_gmt":"2018-05-03T13:38:17","guid":{"rendered":"http:\/\/www.dronninglundcup.dk\/?page_id=5460"},"modified":"2025-08-17T21:40:45","modified_gmt":"2025-08-17T19:40:45","slug":"privatlivspolitik","status":"publish","type":"page","link":"https:\/\/www.dronninglundcup.com\/da\/privatlivspolitik\/","title":{"rendered":"Privatlivspolitik"},"content":{"rendered":"\n<h2 class=\"wp-block-heading\">Privatlivspolitik for Dronninglund Cup 03.05.2018<\/h2>\n\n\n<div class=\"wp-block-columns bg-white is-layout-flex wp-container-core-columns-is-layout-28f84493 wp-block-columns-is-layout-flex\">\n<div class=\"wp-block-column is-layout-flow wp-block-column-is-layout-flow\">\n\n<h2 class=\"wp-block-heading\">Dronninglund IF H\u00e5ndbold \/ Dronninglund Cup s dataansvar.<\/h2>\n\n\n<p>Vi behandler personoplysninger og har derfor vedtaget denne privatlivspolitik, der kort fort\u00e6ller dig, hvordan vi behandler dine personoplysninger til sikring af en fair og gennemsigtig behandling.<\/p>\n<p>Gennemg\u00e5ende for vores databehandling er, at vi kun behandler personoplysninger til bestemte form\u00e5l og ud fra berettigede (legitime) interesser. Vi behandler kun personoplysninger, der er relevante og n\u00f8dvendige til opfyldelse af de angivne form\u00e5l, og vi sletter dine oplysninger, n\u00e5r de ikke l\u00e6ngere er n\u00f8dvendige.<\/p>\n\n\n<\/div>\n<\/div>\n\n\n<div class=\"wp-block-columns bg-grey is-layout-flex wp-container-core-columns-is-layout-28f84493 wp-block-columns-is-layout-flex\">\n<div class=\"wp-block-column is-layout-flow wp-block-column-is-layout-flow\">\n\n<h2 class=\"wp-block-heading\">Kontaktoplysninger p\u00e5 den dataansvarlige.<\/h2>\n\n\n<p>Dronninglund Cup er dataansvarlig, og vi sikrer, at dine personoplysninger behandles i overensstemmelse med lovgivningen.<\/p>\n<p>&nbsp;<\/p>\n<h3><u>Kontaktoplysninger:<\/u><\/h3>\n<p>Kontaktperson: Simon Aagaard \/ Christen Bager<\/p>\n<p>Adresse: Slotsgade 43C, 9330 Dronninglund<\/p>\n<p>CVR: 29999120<\/p>\n<p>Telefonnr.: 0045 9884 4477<\/p>\n<p>Mail: <a href=\"mailto:info@dronninglundcup.com\">info@dronninglundcup.com<\/a><\/p>\n<p>Website: <a href=\"https:\/\/www.dronninglundcup.com\">www.dronninglundcup.com<\/a><\/p>\n\n\n<\/div>\n<\/div>\n\n\n<div class=\"wp-block-columns bg-white is-layout-flex wp-container-core-columns-is-layout-28f84493 wp-block-columns-is-layout-flex\">\n<div class=\"wp-block-column is-layout-flow wp-block-column-is-layout-flow\">\n\n<h2 class=\"wp-block-heading\">Behandling af personoplysninger<\/h2>\n\n\n<p>Vi behandler f\u00f8lgende personoplysninger:<\/p>\n<ul>\n<li>Tilmeldingsoplysninger:<\/li>\n<\/ul>\n<p>Klub, ledere og tr\u00e6nere:<\/p>\n<p>Registrerings- og kontaktoplysninger som: Klub, navn p\u00e5 tilmelder, k\u00f8n, adresse, indmeldelsesdato, telefonnummer, e-mailadresse.<\/p>\n\n\n<\/div>\n<\/div>\n\n\n<div class=\"wp-block-columns bg-grey is-layout-flex wp-container-core-columns-is-layout-28f84493 wp-block-columns-is-layout-flex\">\n<div class=\"wp-block-column is-layout-flow wp-block-column-is-layout-flow\">\n\n<h2 class=\"wp-block-heading\">Vi behandler kun personoplysninger ud fra legitime interesser<\/h2>\n\n\n<p>I det omfang vi behandler dine tilmeldingsoplysninger p\u00e5 baggrund af interesseafvejningsreglen, vil denne behandling udelukkende v\u00e6re motiveret af berettigede (legitime) interesser som:<\/p>\n<ul>\n<li>Ud\u00f8velse af idr\u00e6tsaktivitet, herunder udf\u00e6rdigelse af holdkort, registrering af holdoplysninger.<\/li>\n<li>Bevaring af oplysninger med historisk v\u00e6rdi til statistik og lignende deltagelse.<\/li>\n<\/ul>\n\n\n<\/div>\n<\/div>\n\n\n<div class=\"wp-block-columns bg-white is-layout-flex wp-container-core-columns-is-layout-28f84493 wp-block-columns-is-layout-flex\">\n<div class=\"wp-block-column is-layout-flow wp-block-column-is-layout-flow\">\n\n<h2 class=\"wp-block-heading\">Videregivelse af dine personoplysninger<\/h2>\n\n\n<p>Vi videregiver ikke personoplysninger til firmaer til markedsf\u00f8ring uden dit samtykke.<\/p>\n<p><strong>\u00a0<\/strong><\/p>\n<h2><strong>Opbevaring og sletning af dine personoplysninger<\/strong><\/h2>\n<p>Vi opbevarer foreningens og tilmelders oplysninger, men kun med dette form\u00e5l at kunne sende dig information om Dronninglund Cup for fremtiden.<\/p>\n\n\n<\/div>\n<\/div>\n\n\n<div class=\"wp-block-columns bg-grey is-layout-flex wp-container-core-columns-is-layout-28f84493 wp-block-columns-is-layout-flex\">\n<div class=\"wp-block-column is-layout-flow wp-block-column-is-layout-flow\">\n\n<h2 class=\"wp-block-heading\">Dine rettigheder<\/h2>\n\n\n<p>Du har en r\u00e6kke s\u00e6rlige rettigheder efter persondataforordningen, n\u00e5r vi behandler personoplysninger om dig:<\/p>\n<ul>\n<li>Retten til at blive oplyst om behandlingen af data<\/li>\n<li>Retten til indsigt i egne personoplysninger<\/li>\n<li>Retten til berigtigelse<\/li>\n<li>Retten til sletning<\/li>\n<li>Retten til begr\u00e6nsning af behandling<\/li>\n<li>Retten til dataportabilitet (udlevering af data i et almindeligt anvendt format)<\/li>\n<li>Retten til indsigelse<\/li>\n<\/ul>\n<p>Du kan g\u00f8re brug af dine rettigheder, herunder g\u00f8re indsigelse mod vores behandling, ved at henvende dig til os. Vores kontaktoplysninger finder du \u00f8verst.<\/p>\n<p>Hvis du f.eks. henvender dig med en anmodning om at f\u00e5 rettet eller slettet dine personoplysninger, unders\u00f8ger vi, om betingelserne er opfyldt, og gennemf\u00f8rer i s\u00e5 fald \u00e6ndringer eller sletning s\u00e5 hurtigt som muligt.<\/p>\n<p>Du kan altid indgive en klage til en databeskyttelsestilsynsmyndighed, f.eks. <a href=\"https:\/\/www.datatilsynet.dk\/forside\/\">Datatilsynet<\/a>.<\/p>\n\n\n<\/div>\n<\/div>\n\n\n<div class=\"wp-block-columns bg-white is-layout-flex wp-container-core-columns-is-layout-28f84493 wp-block-columns-is-layout-flex\">\n<div class=\"wp-block-column is-layout-flow wp-block-column-is-layout-flow\">\n\n<h2 class=\"wp-block-heading\">Revidering af privatlivspolitikken.<\/h2>\n\n\n<p>Vi forbeholder os retten til at foretage \u00e6ndringer i denne privatlivspolitik fra tid til anden. Ved \u00e6ndringer vil datoen \u00f8verst i privatlivspolitikken blive \u00e6ndret. Den til enhver tid g\u00e6ldende privatlivspolitik vil v\u00e6re tilg\u00e6ngelig p\u00e5 vores websted. Ved v\u00e6sentlige \u00e6ndringer vil du modtage meddelelse herom.<\/p>\n\n\n<\/div>\n<\/div>\n\n","protected":false},"excerpt":{"rendered":"<p>Privatlivspolitik for Dronninglund Cup 03.05.2018 Dronninglund IF H\u00e5ndbold \/ Dronninglund Cup s dataansvar. Kontaktoplysninger p\u00e5 den dataansvarlige. Behandling af personoplysninger Vi behandler kun personoplysninger ud fra legitime interesser Videregivelse af dine personoplysninger Dine rettigheder Revidering af privatlivspolitikken.<\/p>\n","protected":false},"author":2,"featured_media":0,"parent":0,"menu_order":8,"comment_status":"closed","ping_status":"closed","template":"","meta":{"_acf_changed":false,"footnotes":""},"class_list":["post-5460","page","type-page","status-publish","hentry"],"acf":[],"yoast_head":"<!-- This site is optimized with the Yoast SEO plugin v27.0 - https:\/\/yoast.com\/product\/yoast-seo-wordpress\/ -->\n<title>Privatlivspolitik - Dronninglund Cup<\/title>\n<meta name=\"robots\" content=\"index, follow, max-snippet:-1, max-image-preview:large, max-video-preview:-1\" \/>\n<link rel=\"canonical\" href=\"https:\/\/www.dronninglundcup.com\/da\/privatlivspolitik\/\" \/>\n<meta property=\"og:locale\" content=\"da_DK\" \/>\n<meta property=\"og:type\" content=\"article\" \/>\n<meta property=\"og:title\" content=\"Privatlivspolitik - Dronninglund Cup\" \/>\n<meta property=\"og:description\" content=\"Privatlivspolitik for Dronninglund Cup 03.05.2018 Dronninglund IF H\u00e5ndbold \/ Dronninglund Cup s dataansvar. Kontaktoplysninger p\u00e5 den dataansvarlige. Behandling af personoplysninger Vi behandler kun personoplysninger ud fra legitime interesser Videregivelse af dine personoplysninger Dine rettigheder Revidering af privatlivspolitikken.\" \/>\n<meta property=\"og:url\" content=\"https:\/\/www.dronninglundcup.com\/da\/privatlivspolitik\/\" \/>\n<meta property=\"og:site_name\" content=\"Dronninglund Cup\" \/>\n<meta property=\"article:modified_time\" content=\"2025-08-17T19:40:45+00:00\" \/>\n<meta name=\"twitter:card\" content=\"summary_large_image\" \/>\n<meta name=\"twitter:label1\" content=\"Estimeret l\u00e6setid\" \/>\n\t<meta name=\"twitter:data1\" content=\"2 minutter\" \/>\n<script type=\"application\/ld+json\" class=\"yoast-schema-graph\">{\"@context\":\"https:\/\/schema.org\",\"@graph\":[{\"@type\":\"WebPage\",\"@id\":\"https:\/\/www.dronninglundcup.com\/da\/privatlivspolitik\/\",\"url\":\"https:\/\/www.dronninglundcup.com\/da\/privatlivspolitik\/\",\"name\":\"Privatlivspolitik - Dronninglund Cup\",\"isPartOf\":{\"@id\":\"https:\/\/www.dronninglundcup.com\/da\/#website\"},\"datePublished\":\"2018-05-03T13:38:17+00:00\",\"dateModified\":\"2025-08-17T19:40:45+00:00\",\"breadcrumb\":{\"@id\":\"https:\/\/www.dronninglundcup.com\/da\/privatlivspolitik\/#breadcrumb\"},\"inLanguage\":\"da-DK\",\"potentialAction\":[{\"@type\":\"ReadAction\",\"target\":[\"https:\/\/www.dronninglundcup.com\/da\/privatlivspolitik\/\"]}]},{\"@type\":\"BreadcrumbList\",\"@id\":\"https:\/\/www.dronninglundcup.com\/da\/privatlivspolitik\/#breadcrumb\",\"itemListElement\":[{\"@type\":\"ListItem\",\"position\":1,\"name\":\"Home\",\"item\":\"https:\/\/www.dronninglundcup.com\/da\/\"},{\"@type\":\"ListItem\",\"position\":2,\"name\":\"Privatlivspolitik\"}]},{\"@type\":\"WebSite\",\"@id\":\"https:\/\/www.dronninglundcup.com\/da\/#website\",\"url\":\"https:\/\/www.dronninglundcup.com\/da\/\",\"name\":\"Dronninglund Cup\",\"description\":\"\",\"publisher\":{\"@id\":\"https:\/\/www.dronninglundcup.com\/da\/#organization\"},\"potentialAction\":[{\"@type\":\"SearchAction\",\"target\":{\"@type\":\"EntryPoint\",\"urlTemplate\":\"https:\/\/www.dronninglundcup.com\/da\/?s={search_term_string}\"},\"query-input\":{\"@type\":\"PropertyValueSpecification\",\"valueRequired\":true,\"valueName\":\"search_term_string\"}}],\"inLanguage\":\"da-DK\"},{\"@type\":\"Organization\",\"@id\":\"https:\/\/www.dronninglundcup.com\/da\/#organization\",\"name\":\"Dronninglund Cup\",\"url\":\"https:\/\/www.dronninglundcup.com\/da\/\",\"logo\":{\"@type\":\"ImageObject\",\"inLanguage\":\"da-DK\",\"@id\":\"https:\/\/www.dronninglundcup.com\/da\/#\/schema\/logo\/image\/\",\"url\":\"https:\/\/www.dronninglundcup.com\/wp-content\/uploads\/2018\/01\/Cup-white-red-155.png\",\"contentUrl\":\"https:\/\/www.dronninglundcup.com\/wp-content\/uploads\/2018\/01\/Cup-white-red-155.png\",\"width\":155,\"height\":170,\"caption\":\"Dronninglund Cup\"},\"image\":{\"@id\":\"https:\/\/www.dronninglundcup.com\/da\/#\/schema\/logo\/image\/\"}}]}<\/script>\n<!-- \/ Yoast SEO plugin. -->","yoast_head_json":{"title":"Privatlivspolitik - Dronninglund Cup","robots":{"index":"index","follow":"follow","max-snippet":"max-snippet:-1","max-image-preview":"max-image-preview:large","max-video-preview":"max-video-preview:-1"},"canonical":"https:\/\/www.dronninglundcup.com\/da\/privatlivspolitik\/","og_locale":"da_DK","og_type":"article","og_title":"Privatlivspolitik - Dronninglund Cup","og_description":"Privatlivspolitik for Dronninglund Cup 03.05.2018 Dronninglund IF H\u00e5ndbold \/ Dronninglund Cup s dataansvar. Kontaktoplysninger p\u00e5 den dataansvarlige. Behandling af personoplysninger Vi behandler kun personoplysninger ud fra legitime interesser Videregivelse af dine personoplysninger Dine rettigheder Revidering af privatlivspolitikken.","og_url":"https:\/\/www.dronninglundcup.com\/da\/privatlivspolitik\/","og_site_name":"Dronninglund Cup","article_modified_time":"2025-08-17T19:40:45+00:00","twitter_card":"summary_large_image","twitter_misc":{"Estimeret l\u00e6setid":"2 minutter"},"schema":{"@context":"https:\/\/schema.org","@graph":[{"@type":"WebPage","@id":"https:\/\/www.dronninglundcup.com\/da\/privatlivspolitik\/","url":"https:\/\/www.dronninglundcup.com\/da\/privatlivspolitik\/","name":"Privatlivspolitik - Dronninglund Cup","isPartOf":{"@id":"https:\/\/www.dronninglundcup.com\/da\/#website"},"datePublished":"2018-05-03T13:38:17+00:00","dateModified":"2025-08-17T19:40:45+00:00","breadcrumb":{"@id":"https:\/\/www.dronninglundcup.com\/da\/privatlivspolitik\/#breadcrumb"},"inLanguage":"da-DK","potentialAction":[{"@type":"ReadAction","target":["https:\/\/www.dronninglundcup.com\/da\/privatlivspolitik\/"]}]},{"@type":"BreadcrumbList","@id":"https:\/\/www.dronninglundcup.com\/da\/privatlivspolitik\/#breadcrumb","itemListElement":[{"@type":"ListItem","position":1,"name":"Home","item":"https:\/\/www.dronninglundcup.com\/da\/"},{"@type":"ListItem","position":2,"name":"Privatlivspolitik"}]},{"@type":"WebSite","@id":"https:\/\/www.dronninglundcup.com\/da\/#website","url":"https:\/\/www.dronninglundcup.com\/da\/","name":"Dronninglund Cup","description":"","publisher":{"@id":"https:\/\/www.dronninglundcup.com\/da\/#organization"},"potentialAction":[{"@type":"SearchAction","target":{"@type":"EntryPoint","urlTemplate":"https:\/\/www.dronninglundcup.com\/da\/?s={search_term_string}"},"query-input":{"@type":"PropertyValueSpecification","valueRequired":true,"valueName":"search_term_string"}}],"inLanguage":"da-DK"},{"@type":"Organization","@id":"https:\/\/www.dronninglundcup.com\/da\/#organization","name":"Dronninglund Cup","url":"https:\/\/www.dronninglundcup.com\/da\/","logo":{"@type":"ImageObject","inLanguage":"da-DK","@id":"https:\/\/www.dronninglundcup.com\/da\/#\/schema\/logo\/image\/","url":"https:\/\/www.dronninglundcup.com\/wp-content\/uploads\/2018\/01\/Cup-white-red-155.png","contentUrl":"https:\/\/www.dronninglundcup.com\/wp-content\/uploads\/2018\/01\/Cup-white-red-155.png","width":155,"height":170,"caption":"Dronninglund Cup"},"image":{"@id":"https:\/\/www.dronninglundcup.com\/da\/#\/schema\/logo\/image\/"}}]}},"_links":{"self":[{"href":"https:\/\/www.dronninglundcup.com\/da\/wp-json\/wp\/v2\/pages\/5460","targetHints":{"allow":["GET"]}}],"collection":[{"href":"https:\/\/www.dronninglundcup.com\/da\/wp-json\/wp\/v2\/pages"}],"about":[{"href":"https:\/\/www.dronninglundcup.com\/da\/wp-json\/wp\/v2\/types\/page"}],"author":[{"embeddable":true,"href":"https:\/\/www.dronninglundcup.com\/da\/wp-json\/wp\/v2\/users\/2"}],"replies":[{"embeddable":true,"href":"https:\/\/www.dronninglundcup.com\/da\/wp-json\/wp\/v2\/comments?post=5460"}],"version-history":[{"count":6,"href":"https:\/\/www.dronninglundcup.com\/da\/wp-json\/wp\/v2\/pages\/5460\/revisions"}],"predecessor-version":[{"id":72213,"href":"https:\/\/www.dronninglundcup.com\/da\/wp-json\/wp\/v2\/pages\/5460\/revisions\/72213"}],"wp:attachment":[{"href":"https:\/\/www.dronninglundcup.com\/da\/wp-json\/wp\/v2\/media?parent=5460"}],"curies":[{"name":"wp","href":"https:\/\/api.w.org\/{rel}","templated":true}]}}